{"id":1801,"date":"2018-08-17T00:59:08","date_gmt":"2018-08-16T14:59:08","guid":{"rendered":"https:\/\/store-fr.thesurfersbible.com\/privacy-policy\/"},"modified":"2024-07-28T01:28:32","modified_gmt":"2024-07-27T15:28:32","slug":"privacy-policy","status":"publish","type":"page","link":"https:\/\/store-fr.thesurfersbible.com\/fr\/privacy-policy\/","title":{"rendered":"Politique de confidentialit\u00e9"},"content":{"rendered":"\n<p>Notre site vous permet de faire un don, de faire des achats, d&rsquo;effectuer un paiement, de vous inscrire \u00e0 une liste d&rsquo;adresses \u00e9lectroniques et d&rsquo;autres fa\u00e7ons d&rsquo;entrer vos donn\u00e9es personnelles. Nous utilisons ces informations pour mieux servir notre r\u00e9seau. Nous respectons la vie priv\u00e9e de nos utilisateurs et nous nous engageons \u00e0 utiliser ces informations avec int\u00e9grit\u00e9 et honn\u00eatet\u00e9. En visitant notre site web, vous acceptez intrins\u00e8quement la politique de confidentialit\u00e9 \u00e9nonc\u00e9e ci-dessous.<\/p>\n\n<p>Christian Surfers recueille des informations sur les visiteurs de son site de deux mani\u00e8res : les informations personnelles identifiables et les informations non personnelles identifiables.<\/p>\n\n<p>Informations<strong> personnelles identifiables<\/strong><br\/>Ces informations comprennent toutes les fois o\u00f9 vous saisissez manuellement votre adresse \u00e9lectronique ou toute autre information personnelle sur notre site web. Il peut s&rsquo;agir d&rsquo;un don, d&rsquo;un paiement pour les frais d&rsquo;exp\u00e9dition ou d&rsquo;une inscription \u00e0 une liste de diffusion sur le site web. Ces informations sont utilis\u00e9es pour r\u00e9pondre \u00e0 la demande que vous avez formul\u00e9e en les saisissant (passer une commande, s&rsquo;abonner \u00e0 nos nouvelles et mises \u00e0 jour), etc. Vos informations personnelles ne seront jamais vendues \u00e0 des tiers. Toutes les informations personnelles seront utilis\u00e9es conform\u00e9ment \u00e0 leur destination et non \u00e0 d&rsquo;autres fins. Remarque : vous pouvez vous d\u00e9sabonner facilement des bulletins d&rsquo;information \u00e9lectroniques \u00e0 la fin de l&rsquo;e-mail qui vous est envoy\u00e9.<\/p>\n\n<p>Informations <strong>non personnellement identifiables<\/strong><br\/>Ces informations comprennent les rapports sur le trafic du site, les donn\u00e9es du navigateur, les cookies et d&rsquo;autres informations recueillies sur le site web pour l&rsquo;ensemble de nos utilisateurs. Nous utilisons ces donn\u00e9es \u00e0 des fins d&rsquo;information d\u00e9mographique, ainsi que pour partager et rapporter le trafic \u00e0 la direction.<\/p>\n\n<p><strong>Ventes \u00e0 des tiers<\/strong><br\/>Dans certains cas, nous avons conclu un partenariat avec un tiers pour notre boutique en ligne ou d&rsquo;autres programmes. Dans ces cas, vos informations personnelles identifiables sont envoy\u00e9es \u00e0 la tierce partie afin qu&rsquo;elle puisse traiter votre commande. Dans chacun de ces cas, vous serez inform\u00e9, avant que votre commande ne soit pass\u00e9e, de l&rsquo;\u00e9tendue de la nature et de la profondeur de l&rsquo;\u00e9change d&rsquo;informations. Vous pouvez \u00e9galement vous d\u00e9sinscrire, le cas \u00e9ch\u00e9ant.<\/p>\n\n<p><strong>Publicit\u00e9<\/strong><br\/>\u00c0 tout moment, il peut y avoir une ou plusieurs publicit\u00e9s ou liens externes sur notre site web. Lorsque vous cliquez sur un lien ext\u00e9rieur \u00e0 www.christiansurfers.net, la politique de confidentialit\u00e9 \u00e9nonc\u00e9e n&rsquo;est plus valable.<\/p>\n\n<p>Cette politique peut \u00eatre modifi\u00e9e sans pr\u00e9avis. Si vous souhaitez rester inform\u00e9 des politiques du site web de Christian Surfers, il vous suffit de t\u00e9l\u00e9charger la derni\u00e8re version de ce document.<\/p>\n\n<p>Si vous avez des questions ou des inqui\u00e9tudes concernant les dispositions de la pr\u00e9sente politique, vous pouvez nous contacter par courrier ou par courriel (voir ci-dessous).<\/p>\n\n<p>Merci de votre attention<\/p>\n\n<p><br\/><em>Christian Surfers International<br\/>PO Box 192<br\/>Thirroul, NSW 2515<br\/>Australie<\/em><br\/><a href=\"mailto:info@christiansurfers.net\">info@christiansurfers.net<\/a><\/p>\n","protected":false},"excerpt":{"rendered":"<p>Notre site vous permet de faire un don, de faire des achats, d&rsquo;effectuer un paiement, de vous inscrire \u00e0 une liste d&rsquo;adresses \u00e9lectroniques et d&rsquo;autres fa\u00e7ons d&rsquo;entrer vos donn\u00e9es personnelles. Nous utilisons ces informations pour mieux servir notre r\u00e9seau. Nous respectons la vie priv\u00e9e de nos utilisateurs et nous nous engageons \u00e0 utiliser ces informations [&hellip;]<\/p>\n","protected":false},"author":1,"featured_media":0,"parent":0,"menu_order":0,"comment_status":"closed","ping_status":"open","template":"","meta":{"_acf_changed":false,"footnotes":""},"class_list":["post-1801","page","type-page","status-publish","hentry"],"acf":[],"yoast_head":"<!-- This site is optimized with the Yoast SEO plugin v22.9 - https:\/\/yoast.com\/wordpress\/plugins\/seo\/ -->\n<title>Politique de confidentialit\u00e9 - Bible des Surfeurs<\/title>\n<meta name=\"robots\" content=\"noindex, follow, max-snippet:-1, max-image-preview:large, max-video-preview:-1\" \/>\n<meta property=\"og:locale\" content=\"fr_FR\" \/>\n<meta property=\"og:type\" content=\"article\" \/>\n<meta property=\"og:title\" content=\"Politique de confidentialit\u00e9 - Bible des Surfeurs\" \/>\n<meta property=\"og:description\" content=\"Notre site vous permet de faire un don, de faire des achats, d&rsquo;effectuer un paiement, de vous inscrire \u00e0 une liste d&rsquo;adresses \u00e9lectroniques et d&rsquo;autres fa\u00e7ons d&rsquo;entrer vos donn\u00e9es personnelles. Nous utilisons ces informations pour mieux servir notre r\u00e9seau. Nous respectons la vie priv\u00e9e de nos utilisateurs et nous nous engageons \u00e0 utiliser ces informations [&hellip;]\" \/>\n<meta property=\"og:url\" content=\"https:\/\/store-fr.thesurfersbible.com\/fr\/privacy-policy\/\" \/>\n<meta property=\"og:site_name\" content=\"Bible des Surfeurs\" \/>\n<meta property=\"article:modified_time\" content=\"2024-07-27T15:28:32+00:00\" \/>\n<meta name=\"twitter:card\" content=\"summary_large_image\" \/>\n<meta name=\"twitter:label1\" content=\"Dur\u00e9e de lecture estim\u00e9e\" \/>\n\t<meta name=\"twitter:data1\" content=\"2 minutes\" \/>\n<script type=\"application\/ld+json\" class=\"yoast-schema-graph\">{\"@context\":\"https:\/\/schema.org\",\"@graph\":[{\"@type\":\"WebPage\",\"@id\":\"https:\/\/store-fr.thesurfersbible.com\/fr\/privacy-policy\/\",\"url\":\"https:\/\/store-fr.thesurfersbible.com\/fr\/privacy-policy\/\",\"name\":\"Politique de confidentialit\u00e9 - Bible des Surfeurs\",\"isPartOf\":{\"@id\":\"https:\/\/store-fr.thesurfersbible.com\/fr\/#website\"},\"datePublished\":\"2018-08-16T14:59:08+00:00\",\"dateModified\":\"2024-07-27T15:28:32+00:00\",\"breadcrumb\":{\"@id\":\"https:\/\/store-fr.thesurfersbible.com\/fr\/privacy-policy\/#breadcrumb\"},\"inLanguage\":\"fr-FR\",\"potentialAction\":[{\"@type\":\"ReadAction\",\"target\":[\"https:\/\/store-fr.thesurfersbible.com\/fr\/privacy-policy\/\"]}]},{\"@type\":\"BreadcrumbList\",\"@id\":\"https:\/\/store-fr.thesurfersbible.com\/fr\/privacy-policy\/#breadcrumb\",\"itemListElement\":[{\"@type\":\"ListItem\",\"position\":1,\"name\":\"Home\",\"item\":\"https:\/\/store-fr.thesurfersbible.com\/fr\/\"},{\"@type\":\"ListItem\",\"position\":2,\"name\":\"Politique de confidentialit\u00e9\"}]},{\"@type\":\"WebSite\",\"@id\":\"https:\/\/store-fr.thesurfersbible.com\/fr\/#website\",\"url\":\"https:\/\/store-fr.thesurfersbible.com\/fr\/\",\"name\":\"Bible des Surfeurs\",\"description\":\"New Testament\",\"publisher\":{\"@id\":\"https:\/\/store-fr.thesurfersbible.com\/fr\/#organization\"},\"potentialAction\":[{\"@type\":\"SearchAction\",\"target\":{\"@type\":\"EntryPoint\",\"urlTemplate\":\"https:\/\/store-fr.thesurfersbible.com\/fr\/?s={search_term_string}\"},\"query-input\":\"required name=search_term_string\"}],\"inLanguage\":\"fr-FR\"},{\"@type\":\"Organization\",\"@id\":\"https:\/\/store-fr.thesurfersbible.com\/fr\/#organization\",\"name\":\"Bible des Surfeurs\",\"url\":\"https:\/\/store-fr.thesurfersbible.com\/fr\/\",\"logo\":{\"@type\":\"ImageObject\",\"inLanguage\":\"fr-FR\",\"@id\":\"https:\/\/store-fr.thesurfersbible.com\/fr\/#\/schema\/logo\/image\/\",\"url\":\"https:\/\/store-fr.thesurfersbible.com\/wp-content\/uploads\/sites\/5\/Surfers-Bible-CS-Logo.svg\",\"contentUrl\":\"https:\/\/store-fr.thesurfersbible.com\/wp-content\/uploads\/sites\/5\/Surfers-Bible-CS-Logo.svg\",\"width\":1969,\"height\":509,\"caption\":\"Bible des Surfeurs\"},\"image\":{\"@id\":\"https:\/\/store-fr.thesurfersbible.com\/fr\/#\/schema\/logo\/image\/\"}}]}<\/script>\n<!-- \/ Yoast SEO plugin. -->","yoast_head_json":{"title":"Politique de confidentialit\u00e9 - Bible des Surfeurs","robots":{"index":"noindex","follow":"follow","max-snippet":"max-snippet:-1","max-image-preview":"max-image-preview:large","max-video-preview":"max-video-preview:-1"},"og_locale":"fr_FR","og_type":"article","og_title":"Politique de confidentialit\u00e9 - Bible des Surfeurs","og_description":"Notre site vous permet de faire un don, de faire des achats, d&rsquo;effectuer un paiement, de vous inscrire \u00e0 une liste d&rsquo;adresses \u00e9lectroniques et d&rsquo;autres fa\u00e7ons d&rsquo;entrer vos donn\u00e9es personnelles. Nous utilisons ces informations pour mieux servir notre r\u00e9seau. Nous respectons la vie priv\u00e9e de nos utilisateurs et nous nous engageons \u00e0 utiliser ces informations [&hellip;]","og_url":"https:\/\/store-fr.thesurfersbible.com\/fr\/privacy-policy\/","og_site_name":"Bible des Surfeurs","article_modified_time":"2024-07-27T15:28:32+00:00","twitter_card":"summary_large_image","twitter_misc":{"Dur\u00e9e de lecture estim\u00e9e":"2 minutes"},"schema":{"@context":"https:\/\/schema.org","@graph":[{"@type":"WebPage","@id":"https:\/\/store-fr.thesurfersbible.com\/fr\/privacy-policy\/","url":"https:\/\/store-fr.thesurfersbible.com\/fr\/privacy-policy\/","name":"Politique de confidentialit\u00e9 - Bible des Surfeurs","isPartOf":{"@id":"https:\/\/store-fr.thesurfersbible.com\/fr\/#website"},"datePublished":"2018-08-16T14:59:08+00:00","dateModified":"2024-07-27T15:28:32+00:00","breadcrumb":{"@id":"https:\/\/store-fr.thesurfersbible.com\/fr\/privacy-policy\/#breadcrumb"},"inLanguage":"fr-FR","potentialAction":[{"@type":"ReadAction","target":["https:\/\/store-fr.thesurfersbible.com\/fr\/privacy-policy\/"]}]},{"@type":"BreadcrumbList","@id":"https:\/\/store-fr.thesurfersbible.com\/fr\/privacy-policy\/#breadcrumb","itemListElement":[{"@type":"ListItem","position":1,"name":"Home","item":"https:\/\/store-fr.thesurfersbible.com\/fr\/"},{"@type":"ListItem","position":2,"name":"Politique de confidentialit\u00e9"}]},{"@type":"WebSite","@id":"https:\/\/store-fr.thesurfersbible.com\/fr\/#website","url":"https:\/\/store-fr.thesurfersbible.com\/fr\/","name":"Bible des Surfeurs","description":"New Testament","publisher":{"@id":"https:\/\/store-fr.thesurfersbible.com\/fr\/#organization"},"potentialAction":[{"@type":"SearchAction","target":{"@type":"EntryPoint","urlTemplate":"https:\/\/store-fr.thesurfersbible.com\/fr\/?s={search_term_string}"},"query-input":"required name=search_term_string"}],"inLanguage":"fr-FR"},{"@type":"Organization","@id":"https:\/\/store-fr.thesurfersbible.com\/fr\/#organization","name":"Bible des Surfeurs","url":"https:\/\/store-fr.thesurfersbible.com\/fr\/","logo":{"@type":"ImageObject","inLanguage":"fr-FR","@id":"https:\/\/store-fr.thesurfersbible.com\/fr\/#\/schema\/logo\/image\/","url":"https:\/\/store-fr.thesurfersbible.com\/wp-content\/uploads\/sites\/5\/Surfers-Bible-CS-Logo.svg","contentUrl":"https:\/\/store-fr.thesurfersbible.com\/wp-content\/uploads\/sites\/5\/Surfers-Bible-CS-Logo.svg","width":1969,"height":509,"caption":"Bible des Surfeurs"},"image":{"@id":"https:\/\/store-fr.thesurfersbible.com\/fr\/#\/schema\/logo\/image\/"}}]}},"_links":{"self":[{"href":"https:\/\/store-fr.thesurfersbible.com\/fr\/wp-json\/wp\/v2\/pages\/1801","targetHints":{"allow":["GET"]}}],"collection":[{"href":"https:\/\/store-fr.thesurfersbible.com\/fr\/wp-json\/wp\/v2\/pages"}],"about":[{"href":"https:\/\/store-fr.thesurfersbible.com\/fr\/wp-json\/wp\/v2\/types\/page"}],"author":[{"embeddable":true,"href":"https:\/\/store-fr.thesurfersbible.com\/fr\/wp-json\/wp\/v2\/users\/1"}],"replies":[{"embeddable":true,"href":"https:\/\/store-fr.thesurfersbible.com\/fr\/wp-json\/wp\/v2\/comments?post=1801"}],"version-history":[{"count":3,"href":"https:\/\/store-fr.thesurfersbible.com\/fr\/wp-json\/wp\/v2\/pages\/1801\/revisions"}],"predecessor-version":[{"id":1818,"href":"https:\/\/store-fr.thesurfersbible.com\/fr\/wp-json\/wp\/v2\/pages\/1801\/revisions\/1818"}],"wp:attachment":[{"href":"https:\/\/store-fr.thesurfersbible.com\/fr\/wp-json\/wp\/v2\/media?parent=1801"}],"curies":[{"name":"wp","href":"https:\/\/api.w.org\/{rel}","templated":true}]}}