{"id":1792,"date":"2024-07-10T11:40:55","date_gmt":"2024-07-10T01:40:55","guid":{"rendered":"https:\/\/store-fr.thesurfersbible.com\/product\/mission-pack-de-5-bibles-pour-surfeurs-francais\/"},"modified":"2024-08-01T07:26:01","modified_gmt":"2024-07-31T21:26:01","slug":"mission-pack-de-5-bibles-pour-surfeurs-francais","status":"publish","type":"product","link":"https:\/\/store-fr.thesurfersbible.com\/fr\/produit\/mission-pack-de-5-bibles-pour-surfeurs-francais\/","title":{"rendered":"Pack Mission de 5 Bibles des Surfeurs (fran\u00e7ais)"},"content":{"rendered":"","protected":false},"excerpt":{"rendered":"<p><b>PACK MISSION DE 5 BIBLES DES SURFEURS <\/b><span style=\"font-weight: 400;\">Rejoignez la mission pour donner une Bible des Surfeurs gratuite \u00e0 chaque surfeur qui n&rsquo;a pas encore d\u00e9couvert l&rsquo;histoire de J\u00e9sus qui change les vies<\/span>.<span style=\"font-weight: 400;\">Vous recevrez un pack de 5 Bibles des Surfeurs \u00e0 distribuer dans votre communaut\u00e9 de surfeurs. <\/span><b>AJOUTEZ UN DON : <\/b> Votre don nous permettra d&rsquo;imprimer plus de Bibles des Surfeurs \u00e0 distribuer gratuitement, de traduire dans de nouvelles langues et de d\u00e9velopper plus de ressources gratuites sur notre plateforme digitale. <i><span style=\"font-weight: 400;\">*Ces Bibles des Surfeurs ne sont pas destin\u00e9es \u00e0 la revente.<\/span><\/i><i><\/i><\/p>\n","protected":false},"featured_media":1779,"template":"","meta":{"_acf_changed":false},"product_brand":[],"product_cat":[57],"product_tag":[],"class_list":{"0":"post-1792","1":"product","2":"type-product","3":"status-publish","4":"has-post-thumbnail","6":"product_cat-surfers-bible-fr","7":"product_shipping_class-5-packs","9":"first","10":"instock","11":"shipping-taxable","12":"purchasable","13":"product-type-simple","14":"nyp-product"},"acf":[],"yoast_head":"<!-- This site is optimized with the Yoast SEO plugin v22.9 - https:\/\/yoast.com\/wordpress\/plugins\/seo\/ -->\n<title>Pack Mission de 5 Bibles des Surfeurs (fran\u00e7ais) - Bible des Surfeurs<\/title>\n<meta name=\"robots\" content=\"noindex, follow, max-snippet:-1, max-image-preview:large, max-video-preview:-1\" \/>\n<meta property=\"og:locale\" content=\"fr_FR\" \/>\n<meta property=\"og:type\" content=\"article\" \/>\n<meta property=\"og:title\" content=\"Pack Mission de 5 Bibles des Surfeurs (fran\u00e7ais) - Bible des Surfeurs\" \/>\n<meta property=\"og:description\" content=\"PACK MISSION DE 5 BIBLES DES SURFEURS Rejoignez la mission pour donner une Bible des Surfeurs gratuite \u00e0 chaque surfeur qui n&#039;a pas encore d\u00e9couvert l&#039;histoire de J\u00e9sus qui change les vies.Vous recevrez un pack de 5 Bibles des Surfeurs \u00e0 distribuer dans votre communaut\u00e9 de surfeurs. AJOUTEZ UN DON : Votre don nous permettra d&#039;imprimer plus de Bibles des Surfeurs \u00e0 distribuer gratuitement, de traduire dans de nouvelles langues et de d\u00e9velopper plus de ressources gratuites sur notre plateforme digitale. *Ces Bibles des Surfeurs ne sont pas destin\u00e9es \u00e0 la revente.\" \/>\n<meta property=\"og:url\" content=\"https:\/\/store-fr.thesurfersbible.com\/fr\/produit\/mission-pack-de-5-bibles-pour-surfeurs-francais\/\" \/>\n<meta property=\"og:site_name\" content=\"Bible des Surfeurs\" \/>\n<meta property=\"article:modified_time\" content=\"2024-07-31T21:26:01+00:00\" \/>\n<meta property=\"og:image\" content=\"https:\/\/store-fr.thesurfersbible.com\/wp-content\/uploads\/sites\/5\/Surfers-Bible_French-4.png\" \/>\n\t<meta property=\"og:image:width\" content=\"1536\" \/>\n\t<meta property=\"og:image:height\" content=\"1536\" \/>\n\t<meta property=\"og:image:type\" content=\"image\/png\" \/>\n<meta name=\"twitter:card\" content=\"summary_large_image\" \/>\n<script type=\"application\/ld+json\" class=\"yoast-schema-graph\">{\"@context\":\"https:\/\/schema.org\",\"@graph\":[{\"@type\":[\"WebPage\",\"ItemPage\"],\"@id\":\"https:\/\/store-fr.thesurfersbible.com\/fr\/produit\/mission-pack-de-5-bibles-pour-surfeurs-francais\/\",\"url\":\"https:\/\/store-fr.thesurfersbible.com\/fr\/produit\/mission-pack-de-5-bibles-pour-surfeurs-francais\/\",\"name\":\"Pack Mission de 5 Bibles des Surfeurs (fran\u00e7ais) - Bible des Surfeurs\",\"isPartOf\":{\"@id\":\"https:\/\/store-fr.thesurfersbible.com\/fr\/#website\"},\"primaryImageOfPage\":{\"@id\":\"https:\/\/store-fr.thesurfersbible.com\/fr\/produit\/mission-pack-de-5-bibles-pour-surfeurs-francais\/#primaryimage\"},\"image\":{\"@id\":\"https:\/\/store-fr.thesurfersbible.com\/fr\/produit\/mission-pack-de-5-bibles-pour-surfeurs-francais\/#primaryimage\"},\"thumbnailUrl\":\"https:\/\/store-fr.thesurfersbible.com\/wp-content\/uploads\/sites\/5\/Surfers-Bible_French-4.png\",\"datePublished\":\"2024-07-10T01:40:55+00:00\",\"dateModified\":\"2024-07-31T21:26:01+00:00\",\"breadcrumb\":{\"@id\":\"https:\/\/store-fr.thesurfersbible.com\/fr\/produit\/mission-pack-de-5-bibles-pour-surfeurs-francais\/#breadcrumb\"},\"inLanguage\":\"fr-FR\",\"potentialAction\":[{\"@type\":\"ReadAction\",\"target\":[\"https:\/\/store-fr.thesurfersbible.com\/fr\/produit\/mission-pack-de-5-bibles-pour-surfeurs-francais\/\"]}]},{\"@type\":\"ImageObject\",\"inLanguage\":\"fr-FR\",\"@id\":\"https:\/\/store-fr.thesurfersbible.com\/fr\/produit\/mission-pack-de-5-bibles-pour-surfeurs-francais\/#primaryimage\",\"url\":\"https:\/\/store-fr.thesurfersbible.com\/wp-content\/uploads\/sites\/5\/Surfers-Bible_French-4.png\",\"contentUrl\":\"https:\/\/store-fr.thesurfersbible.com\/wp-content\/uploads\/sites\/5\/Surfers-Bible_French-4.png\",\"width\":1536,\"height\":1536},{\"@type\":\"BreadcrumbList\",\"@id\":\"https:\/\/store-fr.thesurfersbible.com\/fr\/produit\/mission-pack-de-5-bibles-pour-surfeurs-francais\/#breadcrumb\",\"itemListElement\":[{\"@type\":\"ListItem\",\"position\":1,\"name\":\"Home\",\"item\":\"https:\/\/store-fr.thesurfersbible.com\/fr\/\"},{\"@type\":\"ListItem\",\"position\":2,\"name\":\"Pack Mission de 5 Bibles des Surfeurs (fran\u00e7ais)\"}]},{\"@type\":\"WebSite\",\"@id\":\"https:\/\/store-fr.thesurfersbible.com\/fr\/#website\",\"url\":\"https:\/\/store-fr.thesurfersbible.com\/fr\/\",\"name\":\"Bible des Surfeurs\",\"description\":\"New Testament\",\"publisher\":{\"@id\":\"https:\/\/store-fr.thesurfersbible.com\/fr\/#organization\"},\"potentialAction\":[{\"@type\":\"SearchAction\",\"target\":{\"@type\":\"EntryPoint\",\"urlTemplate\":\"https:\/\/store-fr.thesurfersbible.com\/fr\/?s={search_term_string}\"},\"query-input\":\"required name=search_term_string\"}],\"inLanguage\":\"fr-FR\"},{\"@type\":\"Organization\",\"@id\":\"https:\/\/store-fr.thesurfersbible.com\/fr\/#organization\",\"name\":\"Bible des Surfeurs\",\"url\":\"https:\/\/store-fr.thesurfersbible.com\/fr\/\",\"logo\":{\"@type\":\"ImageObject\",\"inLanguage\":\"fr-FR\",\"@id\":\"https:\/\/store-fr.thesurfersbible.com\/fr\/#\/schema\/logo\/image\/\",\"url\":\"https:\/\/store-fr.thesurfersbible.com\/wp-content\/uploads\/sites\/5\/Surfers-Bible-CS-Logo.svg\",\"contentUrl\":\"https:\/\/store-fr.thesurfersbible.com\/wp-content\/uploads\/sites\/5\/Surfers-Bible-CS-Logo.svg\",\"width\":1969,\"height\":509,\"caption\":\"Bible des Surfeurs\"},\"image\":{\"@id\":\"https:\/\/store-fr.thesurfersbible.com\/fr\/#\/schema\/logo\/image\/\"}}]}<\/script>\n<!-- \/ Yoast SEO plugin. -->","yoast_head_json":{"title":"Pack Mission de 5 Bibles des Surfeurs (fran\u00e7ais) - Bible des Surfeurs","robots":{"index":"noindex","follow":"follow","max-snippet":"max-snippet:-1","max-image-preview":"max-image-preview:large","max-video-preview":"max-video-preview:-1"},"og_locale":"fr_FR","og_type":"article","og_title":"Pack Mission de 5 Bibles des Surfeurs (fran\u00e7ais) - Bible des Surfeurs","og_description":"PACK MISSION DE 5 BIBLES DES SURFEURS Rejoignez la mission pour donner une Bible des Surfeurs gratuite \u00e0 chaque surfeur qui n'a pas encore d\u00e9couvert l'histoire de J\u00e9sus qui change les vies.Vous recevrez un pack de 5 Bibles des Surfeurs \u00e0 distribuer dans votre communaut\u00e9 de surfeurs. AJOUTEZ UN DON : Votre don nous permettra d'imprimer plus de Bibles des Surfeurs \u00e0 distribuer gratuitement, de traduire dans de nouvelles langues et de d\u00e9velopper plus de ressources gratuites sur notre plateforme digitale. *Ces Bibles des Surfeurs ne sont pas destin\u00e9es \u00e0 la revente.","og_url":"https:\/\/store-fr.thesurfersbible.com\/fr\/produit\/mission-pack-de-5-bibles-pour-surfeurs-francais\/","og_site_name":"Bible des Surfeurs","article_modified_time":"2024-07-31T21:26:01+00:00","og_image":[{"width":1536,"height":1536,"url":"https:\/\/store-fr.thesurfersbible.com\/wp-content\/uploads\/sites\/5\/Surfers-Bible_French-4.png","type":"image\/png"}],"twitter_card":"summary_large_image","schema":{"@context":"https:\/\/schema.org","@graph":[{"@type":["WebPage","ItemPage"],"@id":"https:\/\/store-fr.thesurfersbible.com\/fr\/produit\/mission-pack-de-5-bibles-pour-surfeurs-francais\/","url":"https:\/\/store-fr.thesurfersbible.com\/fr\/produit\/mission-pack-de-5-bibles-pour-surfeurs-francais\/","name":"Pack Mission de 5 Bibles des Surfeurs (fran\u00e7ais) - Bible des Surfeurs","isPartOf":{"@id":"https:\/\/store-fr.thesurfersbible.com\/fr\/#website"},"primaryImageOfPage":{"@id":"https:\/\/store-fr.thesurfersbible.com\/fr\/produit\/mission-pack-de-5-bibles-pour-surfeurs-francais\/#primaryimage"},"image":{"@id":"https:\/\/store-fr.thesurfersbible.com\/fr\/produit\/mission-pack-de-5-bibles-pour-surfeurs-francais\/#primaryimage"},"thumbnailUrl":"https:\/\/store-fr.thesurfersbible.com\/wp-content\/uploads\/sites\/5\/Surfers-Bible_French-4.png","datePublished":"2024-07-10T01:40:55+00:00","dateModified":"2024-07-31T21:26:01+00:00","breadcrumb":{"@id":"https:\/\/store-fr.thesurfersbible.com\/fr\/produit\/mission-pack-de-5-bibles-pour-surfeurs-francais\/#breadcrumb"},"inLanguage":"fr-FR","potentialAction":[{"@type":"ReadAction","target":["https:\/\/store-fr.thesurfersbible.com\/fr\/produit\/mission-pack-de-5-bibles-pour-surfeurs-francais\/"]}]},{"@type":"ImageObject","inLanguage":"fr-FR","@id":"https:\/\/store-fr.thesurfersbible.com\/fr\/produit\/mission-pack-de-5-bibles-pour-surfeurs-francais\/#primaryimage","url":"https:\/\/store-fr.thesurfersbible.com\/wp-content\/uploads\/sites\/5\/Surfers-Bible_French-4.png","contentUrl":"https:\/\/store-fr.thesurfersbible.com\/wp-content\/uploads\/sites\/5\/Surfers-Bible_French-4.png","width":1536,"height":1536},{"@type":"BreadcrumbList","@id":"https:\/\/store-fr.thesurfersbible.com\/fr\/produit\/mission-pack-de-5-bibles-pour-surfeurs-francais\/#breadcrumb","itemListElement":[{"@type":"ListItem","position":1,"name":"Home","item":"https:\/\/store-fr.thesurfersbible.com\/fr\/"},{"@type":"ListItem","position":2,"name":"Pack Mission de 5 Bibles des Surfeurs (fran\u00e7ais)"}]},{"@type":"WebSite","@id":"https:\/\/store-fr.thesurfersbible.com\/fr\/#website","url":"https:\/\/store-fr.thesurfersbible.com\/fr\/","name":"Bible des Surfeurs","description":"New Testament","publisher":{"@id":"https:\/\/store-fr.thesurfersbible.com\/fr\/#organization"},"potentialAction":[{"@type":"SearchAction","target":{"@type":"EntryPoint","urlTemplate":"https:\/\/store-fr.thesurfersbible.com\/fr\/?s={search_term_string}"},"query-input":"required name=search_term_string"}],"inLanguage":"fr-FR"},{"@type":"Organization","@id":"https:\/\/store-fr.thesurfersbible.com\/fr\/#organization","name":"Bible des Surfeurs","url":"https:\/\/store-fr.thesurfersbible.com\/fr\/","logo":{"@type":"ImageObject","inLanguage":"fr-FR","@id":"https:\/\/store-fr.thesurfersbible.com\/fr\/#\/schema\/logo\/image\/","url":"https:\/\/store-fr.thesurfersbible.com\/wp-content\/uploads\/sites\/5\/Surfers-Bible-CS-Logo.svg","contentUrl":"https:\/\/store-fr.thesurfersbible.com\/wp-content\/uploads\/sites\/5\/Surfers-Bible-CS-Logo.svg","width":1969,"height":509,"caption":"Bible des Surfeurs"},"image":{"@id":"https:\/\/store-fr.thesurfersbible.com\/fr\/#\/schema\/logo\/image\/"}}]}},"_links":{"self":[{"href":"https:\/\/store-fr.thesurfersbible.com\/fr\/wp-json\/wp\/v2\/product\/1792","targetHints":{"allow":["GET"]}}],"collection":[{"href":"https:\/\/store-fr.thesurfersbible.com\/fr\/wp-json\/wp\/v2\/product"}],"about":[{"href":"https:\/\/store-fr.thesurfersbible.com\/fr\/wp-json\/wp\/v2\/types\/product"}],"wp:featuredmedia":[{"embeddable":true,"href":"https:\/\/store-fr.thesurfersbible.com\/fr\/wp-json\/wp\/v2\/media\/1779"}],"wp:attachment":[{"href":"https:\/\/store-fr.thesurfersbible.com\/fr\/wp-json\/wp\/v2\/media?parent=1792"}],"wp:term":[{"taxonomy":"product_brand","embeddable":true,"href":"https:\/\/store-fr.thesurfersbible.com\/fr\/wp-json\/wp\/v2\/product_brand?post=1792"},{"taxonomy":"product_cat","embeddable":true,"href":"https:\/\/store-fr.thesurfersbible.com\/fr\/wp-json\/wp\/v2\/product_cat?post=1792"},{"taxonomy":"product_tag","embeddable":true,"href":"https:\/\/store-fr.thesurfersbible.com\/fr\/wp-json\/wp\/v2\/product_tag?post=1792"}],"curies":[{"name":"wp","href":"https:\/\/api.w.org\/{rel}","templated":true}]}}