{"id":1793,"date":"2024-07-01T15:18:37","date_gmt":"2024-07-01T05:18:37","guid":{"rendered":"https:\/\/store-fr.thesurfersbible.com\/product\/boite-missionnaire-de-20-bibles-de-surfeurs-francais\/"},"modified":"2024-08-21T21:07:09","modified_gmt":"2024-08-21T11:07:09","slug":"boite-missionnaire-de-20-bibles-de-surfeurs-francais","status":"publish","type":"product","link":"https:\/\/store-fr.thesurfersbible.com\/fr\/produit\/boite-missionnaire-de-20-bibles-de-surfeurs-francais\/","title":{"rendered":"Bo\u00eete pour la mission de 20 Bibles de Surfeurs (fran\u00e7ais)"},"content":{"rendered":"","protected":false},"excerpt":{"rendered":"<p><b>BO\u00ceTE POUR LA MISSION DE 20 BIBLES POUR SURFEURS <\/b><span style=\"font-weight: 400;\">Rejoignez la mission qui consiste \u00e0 donner une Bible des Surfeurs \u00e0 chaque surfeur qui n&rsquo;a pas encore d\u00e9couvert l&rsquo;histoire de J\u00e9sus qui change les vies.<\/span><span style=\"font-weight: 400;\">Vous recevrez un carton de 20 Bibles \u00e0 distribuer.<\/span><span style=\"font-weight: 400;\">Chaque Bible co\u00fbte 8 \u20ac \u00e0 produire et nous avons donc un carton de 20 Bibles revient \u00e0 160\u20ac. Si vous souhaitez faire un don, cela nous permettra d&rsquo;imprimer une prochaine \u00e9dition des Bibles des Surfeurs dans de nouvelles langues et de continuer \u00e0 produire des ressources en ligne gratuites.<\/span><\/p>\n<p><span style=\"font-weight: 400;\">N&rsquo;h\u00e9sitez pas \u00e0 nous contacter si vous voulez recevoir un carton, car nous serions ravis d&rsquo;avoir votre avis et de savoir \u00e0 quoi elle est destin\u00e9e. Envoyez un courriel \u00e0 french@thesurfersbible.com  <\/span><\/p>\n<p><i><span style=\"font-weight: 400;\">*Ces bibles pour surfeurs ne sont pas destin\u00e9es \u00e0 la revente.<\/span><\/i><\/p>\n","protected":false},"featured_media":1695,"template":"","meta":{"_acf_changed":false},"product_brand":[],"product_cat":[57],"product_tag":[],"class_list":{"0":"post-1793","1":"product","2":"type-product","3":"status-publish","4":"has-post-thumbnail","6":"product_cat-surfers-bible-fr","7":"product_shipping_class-encadre-20","9":"first","10":"instock","11":"shipping-taxable","12":"purchasable","13":"product-type-simple"},"acf":[],"yoast_head":"<!-- This site is optimized with the Yoast SEO plugin v22.9 - https:\/\/yoast.com\/wordpress\/plugins\/seo\/ -->\n<title>Bo\u00eete pour la mission de 20 Bibles de Surfeurs (fran\u00e7ais) - Bible des Surfeurs<\/title>\n<meta name=\"robots\" content=\"noindex, follow, max-snippet:-1, max-image-preview:large, max-video-preview:-1\" \/>\n<meta property=\"og:locale\" content=\"fr_FR\" \/>\n<meta property=\"og:type\" content=\"article\" \/>\n<meta property=\"og:title\" content=\"Bo\u00eete pour la mission de 20 Bibles de Surfeurs (fran\u00e7ais) - Bible des Surfeurs\" \/>\n<meta property=\"og:description\" content=\"BO\u00ceTE POUR LA MISSION DE 20 BIBLES POUR SURFEURS Rejoignez la mission qui consiste \u00e0 donner une Bible des Surfeurs \u00e0 chaque surfeur qui n&#039;a pas encore d\u00e9couvert l&#039;histoire de J\u00e9sus qui change les vies.Vous recevrez un carton de 20 Bibles \u00e0 distribuer.Chaque Bible co\u00fbte 8 \u20ac \u00e0 produire et nous avons donc un carton de 20 Bibles revient \u00e0 160\u20ac. Si vous souhaitez faire un don, cela nous permettra d&#039;imprimer une prochaine \u00e9dition des Bibles des Surfeurs dans de nouvelles langues et de continuer \u00e0 produire des ressources en ligne gratuites. N&#039;h\u00e9sitez pas \u00e0 nous contacter si vous voulez recevoir un carton, car nous serions ravis d&#039;avoir votre avis et de savoir \u00e0 quoi elle est destin\u00e9e. Envoyez un courriel \u00e0 french@thesurfersbible.com  *Ces bibles pour surfeurs ne sont pas destin\u00e9es \u00e0 la revente.\" \/>\n<meta property=\"og:url\" content=\"https:\/\/store-fr.thesurfersbible.com\/fr\/produit\/boite-missionnaire-de-20-bibles-de-surfeurs-francais\/\" \/>\n<meta property=\"og:site_name\" content=\"Bible des Surfeurs\" \/>\n<meta property=\"article:modified_time\" content=\"2024-08-21T11:07:09+00:00\" \/>\n<meta property=\"og:image\" content=\"https:\/\/store-fr.thesurfersbible.com\/wp-content\/uploads\/sites\/5\/IMG_3167-scaled.jpg\" \/>\n\t<meta property=\"og:image:width\" content=\"2560\" \/>\n\t<meta property=\"og:image:height\" content=\"2560\" \/>\n\t<meta property=\"og:image:type\" content=\"image\/jpeg\" \/>\n<meta name=\"twitter:card\" content=\"summary_large_image\" \/>\n<script type=\"application\/ld+json\" class=\"yoast-schema-graph\">{\"@context\":\"https:\/\/schema.org\",\"@graph\":[{\"@type\":[\"WebPage\",\"ItemPage\"],\"@id\":\"https:\/\/store-fr.thesurfersbible.com\/fr\/produit\/boite-missionnaire-de-20-bibles-de-surfeurs-francais\/\",\"url\":\"https:\/\/store-fr.thesurfersbible.com\/fr\/produit\/boite-missionnaire-de-20-bibles-de-surfeurs-francais\/\",\"name\":\"Bo\u00eete pour la mission de 20 Bibles de Surfeurs (fran\u00e7ais) - Bible des Surfeurs\",\"isPartOf\":{\"@id\":\"https:\/\/store-fr.thesurfersbible.com\/fr\/#website\"},\"primaryImageOfPage\":{\"@id\":\"https:\/\/store-fr.thesurfersbible.com\/fr\/produit\/boite-missionnaire-de-20-bibles-de-surfeurs-francais\/#primaryimage\"},\"image\":{\"@id\":\"https:\/\/store-fr.thesurfersbible.com\/fr\/produit\/boite-missionnaire-de-20-bibles-de-surfeurs-francais\/#primaryimage\"},\"thumbnailUrl\":\"https:\/\/store-fr.thesurfersbible.com\/wp-content\/uploads\/sites\/5\/IMG_3167-scaled.jpg\",\"datePublished\":\"2024-07-01T05:18:37+00:00\",\"dateModified\":\"2024-08-21T11:07:09+00:00\",\"breadcrumb\":{\"@id\":\"https:\/\/store-fr.thesurfersbible.com\/fr\/produit\/boite-missionnaire-de-20-bibles-de-surfeurs-francais\/#breadcrumb\"},\"inLanguage\":\"fr-FR\",\"potentialAction\":[{\"@type\":\"ReadAction\",\"target\":[\"https:\/\/store-fr.thesurfersbible.com\/fr\/produit\/boite-missionnaire-de-20-bibles-de-surfeurs-francais\/\"]}]},{\"@type\":\"ImageObject\",\"inLanguage\":\"fr-FR\",\"@id\":\"https:\/\/store-fr.thesurfersbible.com\/fr\/produit\/boite-missionnaire-de-20-bibles-de-surfeurs-francais\/#primaryimage\",\"url\":\"https:\/\/store-fr.thesurfersbible.com\/wp-content\/uploads\/sites\/5\/IMG_3167-scaled.jpg\",\"contentUrl\":\"https:\/\/store-fr.thesurfersbible.com\/wp-content\/uploads\/sites\/5\/IMG_3167-scaled.jpg\",\"width\":2560,\"height\":2560},{\"@type\":\"BreadcrumbList\",\"@id\":\"https:\/\/store-fr.thesurfersbible.com\/fr\/produit\/boite-missionnaire-de-20-bibles-de-surfeurs-francais\/#breadcrumb\",\"itemListElement\":[{\"@type\":\"ListItem\",\"position\":1,\"name\":\"Home\",\"item\":\"https:\/\/store-fr.thesurfersbible.com\/fr\/\"},{\"@type\":\"ListItem\",\"position\":2,\"name\":\"Bo\u00eete pour la mission de 20 Bibles de Surfeurs (fran\u00e7ais)\"}]},{\"@type\":\"WebSite\",\"@id\":\"https:\/\/store-fr.thesurfersbible.com\/fr\/#website\",\"url\":\"https:\/\/store-fr.thesurfersbible.com\/fr\/\",\"name\":\"Bible des Surfeurs\",\"description\":\"New Testament\",\"publisher\":{\"@id\":\"https:\/\/store-fr.thesurfersbible.com\/fr\/#organization\"},\"potentialAction\":[{\"@type\":\"SearchAction\",\"target\":{\"@type\":\"EntryPoint\",\"urlTemplate\":\"https:\/\/store-fr.thesurfersbible.com\/fr\/?s={search_term_string}\"},\"query-input\":\"required name=search_term_string\"}],\"inLanguage\":\"fr-FR\"},{\"@type\":\"Organization\",\"@id\":\"https:\/\/store-fr.thesurfersbible.com\/fr\/#organization\",\"name\":\"Bible des Surfeurs\",\"url\":\"https:\/\/store-fr.thesurfersbible.com\/fr\/\",\"logo\":{\"@type\":\"ImageObject\",\"inLanguage\":\"fr-FR\",\"@id\":\"https:\/\/store-fr.thesurfersbible.com\/fr\/#\/schema\/logo\/image\/\",\"url\":\"https:\/\/store-fr.thesurfersbible.com\/wp-content\/uploads\/sites\/5\/Surfers-Bible-CS-Logo.svg\",\"contentUrl\":\"https:\/\/store-fr.thesurfersbible.com\/wp-content\/uploads\/sites\/5\/Surfers-Bible-CS-Logo.svg\",\"width\":1969,\"height\":509,\"caption\":\"Bible des Surfeurs\"},\"image\":{\"@id\":\"https:\/\/store-fr.thesurfersbible.com\/fr\/#\/schema\/logo\/image\/\"}}]}<\/script>\n<!-- \/ Yoast SEO plugin. -->","yoast_head_json":{"title":"Bo\u00eete pour la mission de 20 Bibles de Surfeurs (fran\u00e7ais) - Bible des Surfeurs","robots":{"index":"noindex","follow":"follow","max-snippet":"max-snippet:-1","max-image-preview":"max-image-preview:large","max-video-preview":"max-video-preview:-1"},"og_locale":"fr_FR","og_type":"article","og_title":"Bo\u00eete pour la mission de 20 Bibles de Surfeurs (fran\u00e7ais) - Bible des Surfeurs","og_description":"BO\u00ceTE POUR LA MISSION DE 20 BIBLES POUR SURFEURS Rejoignez la mission qui consiste \u00e0 donner une Bible des Surfeurs \u00e0 chaque surfeur qui n'a pas encore d\u00e9couvert l'histoire de J\u00e9sus qui change les vies.Vous recevrez un carton de 20 Bibles \u00e0 distribuer.Chaque Bible co\u00fbte 8 \u20ac \u00e0 produire et nous avons donc un carton de 20 Bibles revient \u00e0 160\u20ac. Si vous souhaitez faire un don, cela nous permettra d'imprimer une prochaine \u00e9dition des Bibles des Surfeurs dans de nouvelles langues et de continuer \u00e0 produire des ressources en ligne gratuites. N'h\u00e9sitez pas \u00e0 nous contacter si vous voulez recevoir un carton, car nous serions ravis d'avoir votre avis et de savoir \u00e0 quoi elle est destin\u00e9e. Envoyez un courriel \u00e0 french@thesurfersbible.com  *Ces bibles pour surfeurs ne sont pas destin\u00e9es \u00e0 la revente.","og_url":"https:\/\/store-fr.thesurfersbible.com\/fr\/produit\/boite-missionnaire-de-20-bibles-de-surfeurs-francais\/","og_site_name":"Bible des Surfeurs","article_modified_time":"2024-08-21T11:07:09+00:00","og_image":[{"width":2560,"height":2560,"url":"https:\/\/store-fr.thesurfersbible.com\/wp-content\/uploads\/sites\/5\/IMG_3167-scaled.jpg","type":"image\/jpeg"}],"twitter_card":"summary_large_image","schema":{"@context":"https:\/\/schema.org","@graph":[{"@type":["WebPage","ItemPage"],"@id":"https:\/\/store-fr.thesurfersbible.com\/fr\/produit\/boite-missionnaire-de-20-bibles-de-surfeurs-francais\/","url":"https:\/\/store-fr.thesurfersbible.com\/fr\/produit\/boite-missionnaire-de-20-bibles-de-surfeurs-francais\/","name":"Bo\u00eete pour la mission de 20 Bibles de Surfeurs (fran\u00e7ais) - Bible des Surfeurs","isPartOf":{"@id":"https:\/\/store-fr.thesurfersbible.com\/fr\/#website"},"primaryImageOfPage":{"@id":"https:\/\/store-fr.thesurfersbible.com\/fr\/produit\/boite-missionnaire-de-20-bibles-de-surfeurs-francais\/#primaryimage"},"image":{"@id":"https:\/\/store-fr.thesurfersbible.com\/fr\/produit\/boite-missionnaire-de-20-bibles-de-surfeurs-francais\/#primaryimage"},"thumbnailUrl":"https:\/\/store-fr.thesurfersbible.com\/wp-content\/uploads\/sites\/5\/IMG_3167-scaled.jpg","datePublished":"2024-07-01T05:18:37+00:00","dateModified":"2024-08-21T11:07:09+00:00","breadcrumb":{"@id":"https:\/\/store-fr.thesurfersbible.com\/fr\/produit\/boite-missionnaire-de-20-bibles-de-surfeurs-francais\/#breadcrumb"},"inLanguage":"fr-FR","potentialAction":[{"@type":"ReadAction","target":["https:\/\/store-fr.thesurfersbible.com\/fr\/produit\/boite-missionnaire-de-20-bibles-de-surfeurs-francais\/"]}]},{"@type":"ImageObject","inLanguage":"fr-FR","@id":"https:\/\/store-fr.thesurfersbible.com\/fr\/produit\/boite-missionnaire-de-20-bibles-de-surfeurs-francais\/#primaryimage","url":"https:\/\/store-fr.thesurfersbible.com\/wp-content\/uploads\/sites\/5\/IMG_3167-scaled.jpg","contentUrl":"https:\/\/store-fr.thesurfersbible.com\/wp-content\/uploads\/sites\/5\/IMG_3167-scaled.jpg","width":2560,"height":2560},{"@type":"BreadcrumbList","@id":"https:\/\/store-fr.thesurfersbible.com\/fr\/produit\/boite-missionnaire-de-20-bibles-de-surfeurs-francais\/#breadcrumb","itemListElement":[{"@type":"ListItem","position":1,"name":"Home","item":"https:\/\/store-fr.thesurfersbible.com\/fr\/"},{"@type":"ListItem","position":2,"name":"Bo\u00eete pour la mission de 20 Bibles de Surfeurs (fran\u00e7ais)"}]},{"@type":"WebSite","@id":"https:\/\/store-fr.thesurfersbible.com\/fr\/#website","url":"https:\/\/store-fr.thesurfersbible.com\/fr\/","name":"Bible des Surfeurs","description":"New Testament","publisher":{"@id":"https:\/\/store-fr.thesurfersbible.com\/fr\/#organization"},"potentialAction":[{"@type":"SearchAction","target":{"@type":"EntryPoint","urlTemplate":"https:\/\/store-fr.thesurfersbible.com\/fr\/?s={search_term_string}"},"query-input":"required name=search_term_string"}],"inLanguage":"fr-FR"},{"@type":"Organization","@id":"https:\/\/store-fr.thesurfersbible.com\/fr\/#organization","name":"Bible des Surfeurs","url":"https:\/\/store-fr.thesurfersbible.com\/fr\/","logo":{"@type":"ImageObject","inLanguage":"fr-FR","@id":"https:\/\/store-fr.thesurfersbible.com\/fr\/#\/schema\/logo\/image\/","url":"https:\/\/store-fr.thesurfersbible.com\/wp-content\/uploads\/sites\/5\/Surfers-Bible-CS-Logo.svg","contentUrl":"https:\/\/store-fr.thesurfersbible.com\/wp-content\/uploads\/sites\/5\/Surfers-Bible-CS-Logo.svg","width":1969,"height":509,"caption":"Bible des Surfeurs"},"image":{"@id":"https:\/\/store-fr.thesurfersbible.com\/fr\/#\/schema\/logo\/image\/"}}]}},"_links":{"self":[{"href":"https:\/\/store-fr.thesurfersbible.com\/fr\/wp-json\/wp\/v2\/product\/1793","targetHints":{"allow":["GET"]}}],"collection":[{"href":"https:\/\/store-fr.thesurfersbible.com\/fr\/wp-json\/wp\/v2\/product"}],"about":[{"href":"https:\/\/store-fr.thesurfersbible.com\/fr\/wp-json\/wp\/v2\/types\/product"}],"wp:featuredmedia":[{"embeddable":true,"href":"https:\/\/store-fr.thesurfersbible.com\/fr\/wp-json\/wp\/v2\/media\/1695"}],"wp:attachment":[{"href":"https:\/\/store-fr.thesurfersbible.com\/fr\/wp-json\/wp\/v2\/media?parent=1793"}],"wp:term":[{"taxonomy":"product_brand","embeddable":true,"href":"https:\/\/store-fr.thesurfersbible.com\/fr\/wp-json\/wp\/v2\/product_brand?post=1793"},{"taxonomy":"product_cat","embeddable":true,"href":"https:\/\/store-fr.thesurfersbible.com\/fr\/wp-json\/wp\/v2\/product_cat?post=1793"},{"taxonomy":"product_tag","embeddable":true,"href":"https:\/\/store-fr.thesurfersbible.com\/fr\/wp-json\/wp\/v2\/product_tag?post=1793"}],"curies":[{"name":"wp","href":"https:\/\/api.w.org\/{rel}","templated":true}]}}